{"id":1906,"date":"2023-06-09T09:52:34","date_gmt":"2023-06-09T09:52:34","guid":{"rendered":"https:\/\/meifus.com\/meifus-inbest\/"},"modified":"2023-10-10T07:08:31","modified_gmt":"2023-10-10T07:08:31","slug":"meifus-inbest","status":"publish","type":"page","link":"https:\/\/meifus.com\/en\/meifus-inbest\/","title":{"rendered":"Meifus InBest"},"content":{"rendered":"<p>[et_pb_section fb_built=&#8221;1&#8243; _builder_version=&#8221;4.21.0&#8243; _module_preset=&#8221;default&#8221; global_colors_info=&#8221;{}&#8221;][et_pb_row column_structure=&#8221;1_2,1_2&#8243; _builder_version=&#8221;4.21.0&#8243; _module_preset=&#8221;default&#8221; max_width=&#8221;100%&#8221; global_colors_info=&#8221;{}&#8221;][et_pb_column type=&#8221;1_2&#8243; _builder_version=&#8221;4.21.0&#8243; _module_preset=&#8221;default&#8221; global_colors_info=&#8221;{}&#8221;][et_pb_image src=&#8221;https:\/\/meifus.com\/wp-content\/uploads\/2023\/06\/INBEST_150h.png&#8221; title_text=&#8221;INBEST_150h&#8221; url_new_window=&#8221;on&#8221; _builder_version=&#8221;4.21.0&#8243; _module_preset=&#8221;default&#8221; global_colors_info=&#8221;{}&#8221;][\/et_pb_image][et_pb_text module_class=&#8221;texto&#8221; _builder_version=&#8221;4.21.0&#8243; _module_preset=&#8221;default&#8221; header_font=&#8221;Montserrat Medium||||||||&#8221; header_text_color=&#8221;#69c9b9&#8243; header_font_size=&#8221;45px&#8221; header_line_height=&#8221;1.3em&#8221; global_colors_info=&#8221;{}&#8221;]<\/p>\n<h1>Meifus InBest<\/h1>\n<p>[\/et_pb_text][et_pb_text module_class=&#8221;texto&#8221; _builder_version=&#8221;4.21.0&#8243; _module_preset=&#8221;default&#8221; text_font=&#8221;Montserrat Regular||||||||&#8221; text_text_color=&#8221;#606060&#8243; text_font_size=&#8221;21px&#8221; text_line_height=&#8221;1.3em&#8221; hover_enabled=&#8221;0&#8243; global_colors_info=&#8221;{}&#8221; sticky_enabled=&#8221;0&#8243;]<\/p>\n<p>Meifus INBEST is a subsidiary of MEIFUS GLOBAL HOLDING and its activity is <strong>buying, selling and renting of all types of real estate assets<\/strong>, which provides solutions to the real estate sector where other agents do not reach.<\/p>\n<p>Although in its beginnings the focus was on the purchase and sale and rental of industrial warehouses, it is currently immersed in <strong>multiple real estate projects of various kinds<\/strong>from residential developments in Galicia to the development of complete industrial areas, both in Galicia and in the Madrid area, or more recently, commercial space for rent.<\/p>\n<p>The real estate division has experienced <strong>very strong growth in recent years<\/strong>, always focused on the domestic market, although it does not rule out continuing to expand in the near future into other countries where the Group has a presence.<\/p>\n<p>Among the <span style=\"text-decoration: underline;\"><strong>heritage projects<\/strong><\/span> <em>(warehouses for rent)<\/em>, the following stand out:<\/p>\n<p>&#8211; <strong>Logistics<\/strong>: Amazon, DHL Express, CTT Express, Frans Bonhomme, etc.<\/p>\n<p>&#8211; <strong>Retail:<\/strong> Hypermarkets Carrefour, Merkal, Pepco, Ikea, etc.<\/p>\n<p>Urban development projects include:<\/p>\n<p>&#8211; <strong>Residential:<\/strong> \u00c1mbito Hernan Cort\u00e9s in Vigo (8.000m2 edif), Pol\u00edgono 3 in Bouzas (9.000m2 edif), Pol\u00edgono 5 in Bouzas (4.500m2 edif), etc.<\/p>\n<p><strong>&#8211; Other Logistics:<\/strong> Pol\u00edgono Alma Henares en Meco (2,5M m2), Proyecto Oca\u00f1a Norte (1,7M m2), Proyecto Villanueva De la Torre 1 y 2 (800.000m2), PTL de Noblejas (375.000m2), etc.<\/p>\n<p>Among the projects of <span style=\"text-decoration: underline;\"><strong>property development<\/strong><\/span> stand out:<\/p>\n<p>&#8211; Building in Tomas Paredes <em>(Bouzas-Vigo)<\/em><\/p>\n<p>&#8211; Building inCalle Paz <em>(Vigo)<\/em><\/p>\n<p>&#8211; Building inCalle Montero R\u00edos <em>(Bueu)<\/em><\/p>\n<p>&#8211; Townhouses in Playa America <em>(Nigr\u00e1n)<\/em><\/p>\n<p>  &#8230;..<\/p>\n<p>&nbsp;<\/p>\n<p>&nbsp;<\/p>\n<p>[\/et_pb_text][et_pb_text module_class=&#8221;texto&#8221; _builder_version=&#8221;4.21.0&#8243; _module_preset=&#8221;default&#8221; text_font=&#8221;Montserrat Regular||||||||&#8221; text_text_color=&#8221;#606060&#8243; text_font_size=&#8221;23px&#8221; text_line_height=&#8221;1.3em&#8221; ul_font=&#8221;Montserrat Medium||||||||&#8221; ul_text_color=&#8221;#031d40&#8243; ul_font_size=&#8221;23px&#8221; ul_line_height=&#8221;1.3em&#8221; header_3_font=&#8221;Montserrat Medium||||||||&#8221; header_3_text_color=&#8221;#031d40&#8243; header_3_font_size=&#8221;23px&#8221; header_3_line_height=&#8221;1.3em&#8221; custom_margin=&#8221;||0.3em||false|false&#8221; custom_padding=&#8221;||||false|false&#8221; global_colors_info=&#8221;{}&#8221;]<\/p>\n<ul>\n<li>Purchase, sale and rental of industrial buildings.<\/li>\n<li>Real estate projects for individuals;<\/li>\n<\/ul>\n<p>[\/et_pb_text][\/et_pb_column][et_pb_column type=&#8221;1_2&#8243; _builder_version=&#8221;4.21.0&#8243; _module_preset=&#8221;default&#8221; global_colors_info=&#8221;{}&#8221;][et_pb_image src=&#8221;https:\/\/meifus.com\/wp-content\/uploads\/2023\/06\/meifus-invest-circulo-1.png&#8221; title_text=&#8221;meifus invest circulo&#8221; align=&#8221;center&#8221; _builder_version=&#8221;4.21.0&#8243; _module_preset=&#8221;default&#8221; global_colors_info=&#8221;{}&#8221;][\/et_pb_image][\/et_pb_column][\/et_pb_row][\/et_pb_section]<\/p>\n","protected":false},"excerpt":{"rendered":"<p>Meifus InBestMeifus INBEST is a subsidiary of MEIFUS GLOBAL HOLDING and its activity is buying, selling and renting of all types of real estate assets, which provides solutions to the real estate sector where other agents do not reach. Although in its beginnings the focus was on the purchase and sale and rental of industrial [&hellip;]<\/p>\n","protected":false},"author":3,"featured_media":0,"parent":0,"menu_order":0,"comment_status":"closed","ping_status":"closed","template":"","meta":{"_et_pb_use_builder":"on","_et_pb_old_content":"","_et_gb_content_width":"","footnotes":""},"class_list":["post-1906","page","type-page","status-publish","hentry"],"_links":{"self":[{"href":"https:\/\/meifus.com\/en\/wp-json\/wp\/v2\/pages\/1906","targetHints":{"allow":["GET"]}}],"collection":[{"href":"https:\/\/meifus.com\/en\/wp-json\/wp\/v2\/pages"}],"about":[{"href":"https:\/\/meifus.com\/en\/wp-json\/wp\/v2\/types\/page"}],"author":[{"embeddable":true,"href":"https:\/\/meifus.com\/en\/wp-json\/wp\/v2\/users\/3"}],"replies":[{"embeddable":true,"href":"https:\/\/meifus.com\/en\/wp-json\/wp\/v2\/comments?post=1906"}],"version-history":[{"count":2,"href":"https:\/\/meifus.com\/en\/wp-json\/wp\/v2\/pages\/1906\/revisions"}],"predecessor-version":[{"id":1908,"href":"https:\/\/meifus.com\/en\/wp-json\/wp\/v2\/pages\/1906\/revisions\/1908"}],"wp:attachment":[{"href":"https:\/\/meifus.com\/en\/wp-json\/wp\/v2\/media?parent=1906"}],"curies":[{"name":"wp","href":"https:\/\/api.w.org\/{rel}","templated":true}]}}